{"id":6154,"date":"2024-10-30T13:12:36","date_gmt":"2024-10-30T12:12:36","guid":{"rendered":"https:\/\/backtoresto.paris\/restaurantes-cerca-de-mi\/"},"modified":"2024-11-02T12:40:18","modified_gmt":"2024-11-02T11:40:18","slug":"restaurantes-cerca-de-mi","status":"publish","type":"page","link":"https:\/\/backtoresto.paris\/es\/restaurantes-cerca-de-mi\/","title":{"rendered":"Restaurantes cerca de m\u00ed"},"content":{"rendered":"<div  class='flex_column av-6ls87l-f913549f45810ccc542d8a7f66f42ca9 av_one_full  avia-builder-el-0  el_before_av_one_full  avia-builder-el-first  first flex_column_div  '     ><p>\n<style type=\"text\/css\" data-created_by=\"avia_inline_auto\" id=\"style-css-av-m2w5igig-83826c1e9f5f91345e947157ce0dbeb9\">\n#top .av-special-heading.av-m2w5igig-83826c1e9f5f91345e947157ce0dbeb9{\npadding-bottom:10px;\n}\nbody .av-special-heading.av-m2w5igig-83826c1e9f5f91345e947157ce0dbeb9 .av-special-heading-tag .heading-char{\nfont-size:25px;\n}\n.av-special-heading.av-m2w5igig-83826c1e9f5f91345e947157ce0dbeb9 .av-subheading{\nfont-size:15px;\n}\n<\/style>\n<div  class='av-special-heading av-m2w5igig-83826c1e9f5f91345e947157ce0dbeb9 av-special-heading-h2 blockquote modern-quote modern-centered  avia-builder-el-1  el_before_av_textblock  avia-builder-el-first '><h2 class='av-special-heading-tag '  itemprop=\"headline\"  >Restaurantes cerca de m\u00ed<\/h2><div class=\"special-heading-border\"><div class=\"special-heading-inner-border\"><\/div><\/div><\/div><br \/>\n<section  class='av_textblock_section av-1lkj5-a287e282d30dc80106b699242785f3eb '   itemscope=\"itemscope\" itemtype=\"https:\/\/schema.org\/CreativeWork\" ><div class='avia_textblock'  itemprop=\"text\" ><p style=\"text-align: center;\">Utilice el primer campo de entrada para introducir la direcci\u00f3n desde la que desea buscar restaurantes, o haga clic en el bot\u00f3n verde para geolocalizarse; cambie el per\u00edmetro de b\u00fasqueda si es necesario, \u00a1y confirme!<\/p>\n<\/div><\/section><br \/>\n<section  class='av_textblock_section av-m2xrt31y-d1d877ab6c81255fbfb1b2799f48b7ed '   itemscope=\"itemscope\" itemtype=\"https:\/\/schema.org\/CreativeWork\" ><div class='avia_textblock'  itemprop=\"text\" ><p style=\"text-align: center;\"><div class=\"jm-legend-main-link\"><a href=\"#modal-symboles\" class=\"open-popup-link\">Clave de s\u00edmbolos<\/a><\/div><div id=\"modal-symboles\" class=\"avia-section main_color avia-section-default avia-no-border-styling avia-bg-style-scroll el_after_av_section el_before_av_section container_wrap fullsize mfp-hide jmcustommodal\"><div class=\"container\"><div class=\"avia_textblock jmcustommodalcontainer\"><div  class='avia-buttonrow-wrap av-av_buttonrow-f62536c3924917f8799dff2981241ea9 avia-buttonrow-center  jm-boutons-legendes'>\n\n<style type=\"text\/css\" data-created_by=\"avia_inline_auto\" id=\"style-css-av-av_buttonrow_item-112d4f19936a4635b3c7a2d1a7c62853\">\n#top #wrap_all .avia-button.av-av_buttonrow_item-112d4f19936a4635b3c7a2d1a7c62853{\nbackground-color:#ffffff;\nborder-color:#ffffff;\ncolor:#444444;\ntransition:all 0.4s ease-in-out;\nmargin-bottom:5px;\nmargin-right:3px;\nmargin-left:3px;\n}\n#top #wrap_all .avia-button.av-av_buttonrow_item-112d4f19936a4635b3c7a2d1a7c62853 .avia-svg-icon svg:first-child{\nfill:#444444;\nstroke:#444444;\n}\n<\/style>\n<a href='#'  class='avia-button av-av_buttonrow_item-112d4f19936a4635b3c7a2d1a7c62853 avia-icon_select-no avia-size-small'   aria-label=\"S\u00edmbolos&nbsp;:\"><span class='avia_iconbox_title' >S\u00edmbolos&nbsp;:<\/span><\/a>\n\n<style type=\"text\/css\" data-created_by=\"avia_inline_auto\" id=\"style-css-av-av_buttonrow_item-4b2afb75b5a29951a2a18b7ceeba4f68\">\n#top #wrap_all .avia-button.av-av_buttonrow_item-4b2afb75b5a29951a2a18b7ceeba4f68{\nbackground-color:#ffffff;\nborder-color:#ffffff;\ncolor:#444444;\ntransition:all 0.4s ease-in-out;\nmargin-bottom:5px;\nmargin-right:3px;\nmargin-left:3px;\n}\n#top #wrap_all .avia-button.av-av_buttonrow_item-4b2afb75b5a29951a2a18b7ceeba4f68 .avia-svg-icon svg:first-child{\nfill:#444444;\nstroke:#444444;\n}\n<\/style>\n<a href='#'  class='avia-button av-av_buttonrow_item-4b2afb75b5a29951a2a18b7ceeba4f68 avia-icon_select-yes-left-icon avia-size-small'   aria-label=\"Opciones vegetarianas\"><span class='avia_button_icon avia_button_icon_left avia-iconfont avia-font-entypo-fontello' data-av_icon='\ue8b8' data-av_iconfont='entypo-fontello' ><\/span><span class='avia_iconbox_title' >Opciones vegetarianas<\/span><\/a>\n\n<style type=\"text\/css\" data-created_by=\"avia_inline_auto\" id=\"style-css-av-av_buttonrow_item-4a0e59c4f1ba2aa1ef8121da07bf4e91\">\n#top #wrap_all .avia-button.av-av_buttonrow_item-4a0e59c4f1ba2aa1ef8121da07bf4e91{\nbackground-color:#ffffff;\nborder-color:#ffffff;\ncolor:#444444;\ntransition:all 0.4s ease-in-out;\nmargin-bottom:5px;\nmargin-right:3px;\nmargin-left:3px;\n}\n#top #wrap_all .avia-button.av-av_buttonrow_item-4a0e59c4f1ba2aa1ef8121da07bf4e91 .avia-svg-icon svg:first-child{\nfill:#444444;\nstroke:#444444;\n}\n<\/style>\n<a href='#'  class='avia-button av-av_buttonrow_item-4a0e59c4f1ba2aa1ef8121da07bf4e91 avia-icon_select-yes-left-icon avia-size-small'   aria-label=\"Opciones sin gluten\"><span class='avia_button_icon avia_button_icon_left avia-iconfont avia-font-fontello-2' data-av_icon='\uf2dd' data-av_iconfont='fontello-2' ><\/span><span class='avia_iconbox_title' >Opciones sin gluten<\/span><\/a>\n\n<style type=\"text\/css\" data-created_by=\"avia_inline_auto\" id=\"style-css-av-av_buttonrow_item-04e61160fc20287951dcb732ab6e2abb\">\n#top #wrap_all .avia-button.av-av_buttonrow_item-04e61160fc20287951dcb732ab6e2abb{\nbackground-color:#ffffff;\nborder-color:#ffffff;\ncolor:#444444;\ntransition:all 0.4s ease-in-out;\nmargin-bottom:5px;\nmargin-right:3px;\nmargin-left:3px;\n}\n#top #wrap_all .avia-button.av-av_buttonrow_item-04e61160fc20287951dcb732ab6e2abb .avia-svg-icon svg:first-child{\nfill:#444444;\nstroke:#444444;\n}\n<\/style>\n<a href='#'  class='avia-button av-av_buttonrow_item-04e61160fc20287951dcb732ab6e2abb avia-icon_select-yes-left-icon avia-size-small'   aria-label=\"\u00c9tico \/ Sostenible\"><span class='avia_button_icon avia_button_icon_left avia-iconfont avia-font-entypo-fontello' data-av_icon='\ue890' data-av_iconfont='entypo-fontello' ><\/span><span class='avia_iconbox_title' >\u00c9tico \/ Sostenible<\/span><\/a>\n\n<style type=\"text\/css\" data-created_by=\"avia_inline_auto\" id=\"style-css-av-tsce-977145f6a7ffc17ad94ef1b50d4af56d\">\n#top #wrap_all .avia-button.av-tsce-977145f6a7ffc17ad94ef1b50d4af56d{\nbackground-color:#ffffff;\nborder-color:#ffffff;\ncolor:#444444;\ntransition:all 0.4s ease-in-out;\nmargin-bottom:5px;\nmargin-right:3px;\nmargin-left:3px;\n}\n#top #wrap_all .avia-button.av-tsce-977145f6a7ffc17ad94ef1b50d4af56d .avia-svg-icon svg:first-child{\nfill:#444444;\nstroke:#444444;\n}\n<\/style>\n<a href='#'  class='avia-button av-tsce-977145f6a7ffc17ad94ef1b50d4af56d avia-icon_select-yes-left-icon avia-size-small'   aria-label=\"Entrega \/ Comida para llevar\"><span class='avia_button_icon avia_button_icon_left avia-iconfont avia-font-fontello-2' data-av_icon='\ue800' data-av_iconfont='fontello-2' ><\/span><span class='avia_iconbox_title' >Entrega \/ Comida para llevar<\/span><\/a>\n\n<style type=\"text\/css\" data-created_by=\"avia_inline_auto\" id=\"style-css-av-av_buttonrow_item-01b45c9c0c126a2b65c4b96f2c54e5e2\">\n#top #wrap_all .avia-button.av-av_buttonrow_item-01b45c9c0c126a2b65c4b96f2c54e5e2{\nbackground-color:#ffffff;\nborder-color:#ffffff;\ncolor:#444444;\ntransition:all 0.4s ease-in-out;\nmargin-bottom:5px;\nmargin-right:3px;\nmargin-left:3px;\n}\n#top #wrap_all .avia-button.av-av_buttonrow_item-01b45c9c0c126a2b65c4b96f2c54e5e2 .avia-svg-icon svg:first-child{\nfill:#444444;\nstroke:#444444;\n}\n<\/style>\n<a href='#'  class='avia-button av-av_buttonrow_item-01b45c9c0c126a2b65c4b96f2c54e5e2 avia-icon_select-yes-left-icon avia-size-small'   aria-label=\"Brunch\"><span class='avia_button_icon avia_button_icon_left avia-iconfont avia-font-fontello-10' data-av_icon='\uf0f4' data-av_iconfont='fontello-10' ><\/span><span class='avia_iconbox_title' >Brunch<\/span><\/a>\n\n<style type=\"text\/css\" data-created_by=\"avia_inline_auto\" id=\"style-css-av-av_buttonrow_item-95d446a9bfcb0d5ace258fcf20750f1c\">\n#top #wrap_all .avia-button.av-av_buttonrow_item-95d446a9bfcb0d5ace258fcf20750f1c{\nbackground-color:#ffffff;\nborder-color:#ffffff;\ncolor:#444444;\ntransition:all 0.4s ease-in-out;\nmargin-bottom:5px;\nmargin-right:3px;\nmargin-left:3px;\n}\n#top #wrap_all .avia-button.av-av_buttonrow_item-95d446a9bfcb0d5ace258fcf20750f1c .avia-svg-icon svg:first-child{\nfill:#444444;\nstroke:#444444;\n}\n<\/style>\n<a href='#'  class='avia-button av-av_buttonrow_item-95d446a9bfcb0d5ace258fcf20750f1c avia-icon_select-yes-left-icon avia-size-small'   aria-label=\"Terraza\"><span class='avia_button_icon avia_button_icon_left avia-iconfont avia-font-fontello-5' data-av_icon='\ue800' data-av_iconfont='fontello-5' ><\/span><span class='avia_iconbox_title' >Terraza<\/span><\/a>\n\n<style type=\"text\/css\" data-created_by=\"avia_inline_auto\" id=\"style-css-av-av_buttonrow_item-c5812ee4595ff97e9d1dbde43232ba73\">\n#top #wrap_all .avia-button.av-av_buttonrow_item-c5812ee4595ff97e9d1dbde43232ba73{\nbackground-color:#ffffff;\nborder-color:#ffffff;\ncolor:#444444;\ntransition:all 0.4s ease-in-out;\nmargin-bottom:5px;\nmargin-right:3px;\nmargin-left:3px;\n}\n#top #wrap_all .avia-button.av-av_buttonrow_item-c5812ee4595ff97e9d1dbde43232ba73 .avia-svg-icon svg:first-child{\nfill:#444444;\nstroke:#444444;\n}\n<\/style>\n<a href='#'  class='avia-button av-av_buttonrow_item-c5812ee4595ff97e9d1dbde43232ba73 avia-icon_select-yes-left-icon avia-size-small'   aria-label=\"Terraza de abril a octubre\"><span class='avia_button_icon avia_button_icon_left avia-iconfont avia-font-fontello-4' data-av_icon='\ue800' data-av_iconfont='fontello-4' ><\/span><span class='avia_iconbox_title' >Terraza de abril a octubre<\/span><\/a>\n\n<style type=\"text\/css\" data-created_by=\"avia_inline_auto\" id=\"style-css-av-av_buttonrow_item-ee85f71d8ba72b89c5d5d798a303a378\">\n#top #wrap_all .avia-button.av-av_buttonrow_item-ee85f71d8ba72b89c5d5d798a303a378{\nbackground-color:#ffffff;\nborder-color:#ffffff;\ncolor:#444444;\ntransition:all 0.4s ease-in-out;\nmargin-bottom:5px;\nmargin-right:3px;\nmargin-left:3px;\n}\n#top #wrap_all .avia-button.av-av_buttonrow_item-ee85f71d8ba72b89c5d5d798a303a378 .avia-svg-icon svg:first-child{\nfill:#444444;\nstroke:#444444;\n}\n<\/style>\n<a href='#'  class='avia-button av-av_buttonrow_item-ee85f71d8ba72b89c5d5d798a303a378 avia-icon_select-yes-left-icon avia-size-small'   aria-label=\"Soleado por la ma\u00f1ana\"><span class='avia_button_icon avia_button_icon_left avia-iconfont avia-font-fontello-9' data-av_icon='\ue801' data-av_iconfont='fontello-9' ><\/span><span class='avia_iconbox_title' >Soleado por la ma\u00f1ana<\/span><\/a>\n\n<style type=\"text\/css\" data-created_by=\"avia_inline_auto\" id=\"style-css-av-av_buttonrow_item-30cedb3afbfe8f55b3d6125c036c5e92\">\n#top #wrap_all .avia-button.av-av_buttonrow_item-30cedb3afbfe8f55b3d6125c036c5e92{\nbackground-color:#ffffff;\nborder-color:#ffffff;\ncolor:#444444;\ntransition:all 0.4s ease-in-out;\nmargin-bottom:5px;\nmargin-right:3px;\nmargin-left:3px;\n}\n#top #wrap_all .avia-button.av-av_buttonrow_item-30cedb3afbfe8f55b3d6125c036c5e92 .avia-svg-icon svg:first-child{\nfill:#444444;\nstroke:#444444;\n}\n<\/style>\n<a href='#'  class='avia-button av-av_buttonrow_item-30cedb3afbfe8f55b3d6125c036c5e92 avia-icon_select-yes-left-icon avia-size-small'   aria-label=\"Soleado por la tarde\"><span class='avia_button_icon avia_button_icon_left avia-iconfont avia-font-fontello-9' data-av_icon='\ue802' data-av_iconfont='fontello-9' ><\/span><span class='avia_iconbox_title' >Soleado por la tarde<\/span><\/a>\n\n<style type=\"text\/css\" data-created_by=\"avia_inline_auto\" id=\"style-css-av-av_buttonrow_item-30dedd633b370b5415d61fc03d495d87\">\n#top #wrap_all .avia-button.av-av_buttonrow_item-30dedd633b370b5415d61fc03d495d87{\nbackground-color:#ffffff;\nborder-color:#ffffff;\ncolor:#444444;\ntransition:all 0.4s ease-in-out;\nmargin-bottom:5px;\nmargin-right:3px;\nmargin-left:3px;\n}\n#top #wrap_all .avia-button.av-av_buttonrow_item-30dedd633b370b5415d61fc03d495d87 .avia-svg-icon svg:first-child{\nfill:#444444;\nstroke:#444444;\n}\n<\/style>\n<a href='#'  class='avia-button av-av_buttonrow_item-30dedd633b370b5415d61fc03d495d87 avia-icon_select-yes-left-icon avia-size-small'   aria-label=\"Soleado todo el d\u00eda\"><span class='avia_button_icon avia_button_icon_left avia-iconfont avia-font-fontello-9' data-av_icon='\ue800' data-av_iconfont='fontello-9' ><\/span><span class='avia_iconbox_title' >Soleado todo el d\u00eda<\/span><\/a>\n\n<style type=\"text\/css\" data-created_by=\"avia_inline_auto\" id=\"style-css-av-av_buttonrow_item-075a8201ec05c40b69f0c2d0d6d2417a\">\n#top #wrap_all .avia-button.av-av_buttonrow_item-075a8201ec05c40b69f0c2d0d6d2417a{\nbackground-color:#ffffff;\nborder-color:#ffffff;\ncolor:#444444;\ntransition:all 0.4s ease-in-out;\nmargin-bottom:5px;\nmargin-right:3px;\nmargin-left:3px;\n}\n#top #wrap_all .avia-button.av-av_buttonrow_item-075a8201ec05c40b69f0c2d0d6d2417a .avia-svg-icon svg:first-child{\nfill:#444444;\nstroke:#444444;\n}\n<\/style>\n<a href='#'  class='avia-button av-av_buttonrow_item-075a8201ec05c40b69f0c2d0d6d2417a avia-icon_select-yes-left-icon avia-size-small'   aria-label=\"Comida sin bebida -25\u20ac\"><span class='avia_button_icon avia_button_icon_left avia-iconfont avia-font-fontello-8' data-av_icon='\ue800' data-av_iconfont='fontello-8' ><\/span><span class='avia_iconbox_title' >Comida sin bebida -25\u20ac<\/span><\/a>\n\n<style type=\"text\/css\" data-created_by=\"avia_inline_auto\" id=\"style-css-av-av_buttonrow_item-f36e441d7acce9f05b34c31ee5b348a3\">\n#top #wrap_all .avia-button.av-av_buttonrow_item-f36e441d7acce9f05b34c31ee5b348a3{\nbackground-color:#ffffff;\nborder-color:#ffffff;\ncolor:#444444;\ntransition:all 0.4s ease-in-out;\nmargin-bottom:5px;\nmargin-right:3px;\nmargin-left:3px;\n}\n#top #wrap_all .avia-button.av-av_buttonrow_item-f36e441d7acce9f05b34c31ee5b348a3 .avia-svg-icon svg:first-child{\nfill:#444444;\nstroke:#444444;\n}\n<\/style>\n<a href='#'  class='avia-button av-av_buttonrow_item-f36e441d7acce9f05b34c31ee5b348a3 avia-icon_select-yes-left-icon avia-size-small'   aria-label=\"Comida sin bebidas 25-50\u20ac\"><span class='avia_button_icon avia_button_icon_left avia-iconfont avia-font-fontello-8' data-av_icon='\ue801' data-av_iconfont='fontello-8' ><\/span><span class='avia_iconbox_title' >Comida sin bebidas 25-50\u20ac<\/span><\/a>\n\n<style type=\"text\/css\" data-created_by=\"avia_inline_auto\" id=\"style-css-av-av_buttonrow_item-0e95d041b4eeb9b84709dbee360d98b3\">\n#top #wrap_all .avia-button.av-av_buttonrow_item-0e95d041b4eeb9b84709dbee360d98b3{\nbackground-color:#ffffff;\nborder-color:#ffffff;\ncolor:#444444;\ntransition:all 0.4s ease-in-out;\nmargin-bottom:5px;\nmargin-right:3px;\nmargin-left:3px;\n}\n#top #wrap_all .avia-button.av-av_buttonrow_item-0e95d041b4eeb9b84709dbee360d98b3 .avia-svg-icon svg:first-child{\nfill:#444444;\nstroke:#444444;\n}\n<\/style>\n<a href='#'  class='avia-button av-av_buttonrow_item-0e95d041b4eeb9b84709dbee360d98b3 avia-icon_select-yes-left-icon avia-size-small'   aria-label=\"Comida sin bebidas +50\u20ac\"><span class='avia_button_icon avia_button_icon_left avia-iconfont avia-font-fontello-8' data-av_icon='\ue802' data-av_iconfont='fontello-8' ><\/span><span class='avia_iconbox_title' >Comida sin bebidas +50\u20ac<\/span><\/a>\n<\/div><\/div><button class=\"mfp-close\" title=\"Close (Esc)\" type=\"button\">\u00d7<\/button><\/div><\/div><\/p>\n<\/div><\/section><\/p><\/div><div  class='flex_column av-2p9pq9-d225e0d85f9239c8d1ff4d80e229dca0 av_one_full  avia-builder-el-4  el_after_av_one_full  avia-builder-el-last  first flex_column_div  column-top-margin'     ><\/div><\/p>","protected":false},"excerpt":{"rendered":"","protected":false},"author":1,"featured_media":0,"parent":0,"menu_order":0,"comment_status":"closed","ping_status":"closed","template":"","meta":{"_acf_changed":false,"footnotes":""},"class_list":["post-6154","page","type-page","status-publish","hentry"],"acf":[],"yoast_head":"<!-- This site is optimized with the Yoast SEO plugin v27.2 - https:\/\/yoast.com\/product\/yoast-seo-wordpress\/ -->\n<title>Restaurantes cerca de m\u00ed - Back to Resto<\/title>\n<meta name=\"robots\" content=\"noindex, follow, max-snippet:-1, max-image-preview:large, max-video-preview:-1\" \/>\n<meta property=\"og:locale\" content=\"es_ES\" \/>\n<meta property=\"og:type\" content=\"article\" \/>\n<meta property=\"og:title\" content=\"Restaurantes cerca de m\u00ed - Back to Resto\" \/>\n<meta property=\"og:url\" content=\"https:\/\/backtoresto.paris\/es\/restaurantes-cerca-de-mi\/\" \/>\n<meta property=\"og:site_name\" content=\"Back to Resto\" \/>\n<meta property=\"article:modified_time\" content=\"2024-11-02T11:40:18+00:00\" \/>\n<meta name=\"twitter:card\" content=\"summary_large_image\" \/>\n<meta name=\"twitter:label1\" content=\"Tiempo de lectura\" \/>\n\t<meta name=\"twitter:data1\" content=\"7 minutos\" \/>\n<script type=\"application\/ld+json\" class=\"yoast-schema-graph\">{\"@context\":\"https:\/\/schema.org\",\"@graph\":[{\"@type\":\"WebPage\",\"@id\":\"https:\/\/backtoresto.paris\/es\/restaurantes-cerca-de-mi\/\",\"url\":\"https:\/\/backtoresto.paris\/es\/restaurantes-cerca-de-mi\/\",\"name\":\"Restaurantes cerca de m\u00ed - Back to Resto\",\"isPartOf\":{\"@id\":\"http:\/\/backtoresto.paris\/es\/#website\"},\"datePublished\":\"2024-10-30T12:12:36+00:00\",\"dateModified\":\"2024-11-02T11:40:18+00:00\",\"breadcrumb\":{\"@id\":\"https:\/\/backtoresto.paris\/es\/restaurantes-cerca-de-mi\/#breadcrumb\"},\"inLanguage\":\"es\",\"potentialAction\":[{\"@type\":\"ReadAction\",\"target\":[\"https:\/\/backtoresto.paris\/es\/restaurantes-cerca-de-mi\/\"]}]},{\"@type\":\"BreadcrumbList\",\"@id\":\"https:\/\/backtoresto.paris\/es\/restaurantes-cerca-de-mi\/#breadcrumb\",\"itemListElement\":[{\"@type\":\"ListItem\",\"position\":1,\"name\":\"Accueil\",\"item\":\"https:\/\/backtoresto.paris\/es\/inicio\/\"},{\"@type\":\"ListItem\",\"position\":2,\"name\":\"Restaurantes cerca de m\u00ed\"}]},{\"@type\":\"WebSite\",\"@id\":\"http:\/\/backtoresto.paris\/es\/#website\",\"url\":\"http:\/\/backtoresto.paris\/es\/\",\"name\":\"Back to Resto\",\"description\":\"Une s\u00e9lection des restaurants sur Paris\",\"potentialAction\":[{\"@type\":\"SearchAction\",\"target\":{\"@type\":\"EntryPoint\",\"urlTemplate\":\"http:\/\/backtoresto.paris\/es\/?s={search_term_string}\"},\"query-input\":{\"@type\":\"PropertyValueSpecification\",\"valueRequired\":true,\"valueName\":\"search_term_string\"}}],\"inLanguage\":\"es\"}]}<\/script>\n<!-- \/ Yoast SEO plugin. -->","yoast_head_json":{"title":"Restaurantes cerca de m\u00ed - Back to Resto","robots":{"index":"noindex","follow":"follow","max-snippet":"max-snippet:-1","max-image-preview":"max-image-preview:large","max-video-preview":"max-video-preview:-1"},"og_locale":"es_ES","og_type":"article","og_title":"Restaurantes cerca de m\u00ed - Back to Resto","og_url":"https:\/\/backtoresto.paris\/es\/restaurantes-cerca-de-mi\/","og_site_name":"Back to Resto","article_modified_time":"2024-11-02T11:40:18+00:00","twitter_card":"summary_large_image","twitter_misc":{"Tiempo de lectura":"7 minutos"},"schema":{"@context":"https:\/\/schema.org","@graph":[{"@type":"WebPage","@id":"https:\/\/backtoresto.paris\/es\/restaurantes-cerca-de-mi\/","url":"https:\/\/backtoresto.paris\/es\/restaurantes-cerca-de-mi\/","name":"Restaurantes cerca de m\u00ed - Back to Resto","isPartOf":{"@id":"http:\/\/backtoresto.paris\/es\/#website"},"datePublished":"2024-10-30T12:12:36+00:00","dateModified":"2024-11-02T11:40:18+00:00","breadcrumb":{"@id":"https:\/\/backtoresto.paris\/es\/restaurantes-cerca-de-mi\/#breadcrumb"},"inLanguage":"es","potentialAction":[{"@type":"ReadAction","target":["https:\/\/backtoresto.paris\/es\/restaurantes-cerca-de-mi\/"]}]},{"@type":"BreadcrumbList","@id":"https:\/\/backtoresto.paris\/es\/restaurantes-cerca-de-mi\/#breadcrumb","itemListElement":[{"@type":"ListItem","position":1,"name":"Accueil","item":"https:\/\/backtoresto.paris\/es\/inicio\/"},{"@type":"ListItem","position":2,"name":"Restaurantes cerca de m\u00ed"}]},{"@type":"WebSite","@id":"http:\/\/backtoresto.paris\/es\/#website","url":"http:\/\/backtoresto.paris\/es\/","name":"Back to Resto","description":"Une s\u00e9lection des restaurants sur Paris","potentialAction":[{"@type":"SearchAction","target":{"@type":"EntryPoint","urlTemplate":"http:\/\/backtoresto.paris\/es\/?s={search_term_string}"},"query-input":{"@type":"PropertyValueSpecification","valueRequired":true,"valueName":"search_term_string"}}],"inLanguage":"es"}]}},"_links":{"self":[{"href":"https:\/\/backtoresto.paris\/es\/wp-json\/wp\/v2\/pages\/6154","targetHints":{"allow":["GET"]}}],"collection":[{"href":"https:\/\/backtoresto.paris\/es\/wp-json\/wp\/v2\/pages"}],"about":[{"href":"https:\/\/backtoresto.paris\/es\/wp-json\/wp\/v2\/types\/page"}],"author":[{"embeddable":true,"href":"https:\/\/backtoresto.paris\/es\/wp-json\/wp\/v2\/users\/1"}],"replies":[{"embeddable":true,"href":"https:\/\/backtoresto.paris\/es\/wp-json\/wp\/v2\/comments?post=6154"}],"version-history":[{"count":0,"href":"https:\/\/backtoresto.paris\/es\/wp-json\/wp\/v2\/pages\/6154\/revisions"}],"wp:attachment":[{"href":"https:\/\/backtoresto.paris\/es\/wp-json\/wp\/v2\/media?parent=6154"}],"curies":[{"name":"wp","href":"https:\/\/api.w.org\/{rel}","templated":true}]}}