{"id":6151,"date":"2024-10-30T13:51:01","date_gmt":"2024-10-30T12:51:01","guid":{"rendered":"https:\/\/backtoresto.paris\/ver-cerca-de-mi\/"},"modified":"2024-11-02T12:39:03","modified_gmt":"2024-11-02T11:39:03","slug":"ver-cerca-de-mi","status":"publish","type":"page","link":"https:\/\/backtoresto.paris\/es\/ver-cerca-de-mi\/","title":{"rendered":"Ver cerca de m\u00ed"},"content":{"rendered":"<div  class='flex_column av-2m7z4c-b3e75f10ad05cc2c11ab54b909941571 av_one_full  avia-builder-el-0  el_before_av_one_full  avia-builder-el-first  first flex_column_div  '     ><p>\n<style type=\"text\/css\" data-created_by=\"avia_inline_auto\" id=\"style-css-av-m2w44ben-132f70977854be6d5e19d18686ad4b6a\">\n#top .av-special-heading.av-m2w44ben-132f70977854be6d5e19d18686ad4b6a{\npadding-bottom:10px;\n}\nbody .av-special-heading.av-m2w44ben-132f70977854be6d5e19d18686ad4b6a .av-special-heading-tag .heading-char{\nfont-size:25px;\n}\n.av-special-heading.av-m2w44ben-132f70977854be6d5e19d18686ad4b6a .av-subheading{\nfont-size:15px;\n}\n<\/style>\n<div  class='av-special-heading av-m2w44ben-132f70977854be6d5e19d18686ad4b6a av-special-heading-h2 blockquote modern-quote modern-centered  avia-builder-el-1  el_before_av_textblock  avia-builder-el-first '><h2 class='av-special-heading-tag '  itemprop=\"headline\"  >Ver cerca de m\u00ed<\/h2><div class=\"special-heading-border\"><div class=\"special-heading-inner-border\"><\/div><\/div><\/div><br \/>\n<section  class='av_textblock_section av-m2w46osa-c34e49c054ea6c989f6d59ca0fbfe6ea '   itemscope=\"itemscope\" itemtype=\"https:\/\/schema.org\/CreativeWork\" ><div class='avia_textblock'  itemprop=\"text\" ><p style=\"text-align: center;\">Utilice el primer campo de entrada para introducir la direcci\u00f3n desde la que desea buscar restaurantes, o haga clic en el bot\u00f3n verde para geolocalizarse; cambie el per\u00edmetro de b\u00fasqueda si es necesario, \u00a1y confirme!<\/p>\n<\/div><\/section><\/p><\/div><div  class='flex_column av-4ky22k-a7fe1fc7880b3d956faba313eb444ac3 av_one_full  avia-builder-el-3  el_after_av_one_full  avia-builder-el-last  first flex_column_div  column-top-margin'     ><\/div><\/p>","protected":false},"excerpt":{"rendered":"","protected":false},"author":1,"featured_media":0,"parent":0,"menu_order":0,"comment_status":"closed","ping_status":"closed","template":"","meta":{"_acf_changed":false,"footnotes":""},"class_list":["post-6151","page","type-page","status-publish","hentry"],"acf":[],"yoast_head":"<!-- This site is optimized with the Yoast SEO plugin v27.2 - https:\/\/yoast.com\/product\/yoast-seo-wordpress\/ -->\n<title>Ver cerca de m\u00ed - Back to Resto<\/title>\n<meta name=\"robots\" content=\"noindex, follow, max-snippet:-1, max-image-preview:large, max-video-preview:-1\" \/>\n<meta property=\"og:locale\" content=\"es_ES\" \/>\n<meta property=\"og:type\" content=\"article\" \/>\n<meta property=\"og:title\" content=\"Ver cerca de m\u00ed - Back to Resto\" \/>\n<meta property=\"og:url\" content=\"https:\/\/backtoresto.paris\/es\/ver-cerca-de-mi\/\" \/>\n<meta property=\"og:site_name\" content=\"Back to Resto\" \/>\n<meta property=\"article:modified_time\" content=\"2024-11-02T11:39:03+00:00\" \/>\n<meta name=\"twitter:card\" content=\"summary_large_image\" \/>\n<meta name=\"twitter:label1\" content=\"Tiempo de lectura\" \/>\n\t<meta name=\"twitter:data1\" content=\"6 minutos\" \/>\n<script type=\"application\/ld+json\" class=\"yoast-schema-graph\">{\"@context\":\"https:\/\/schema.org\",\"@graph\":[{\"@type\":\"WebPage\",\"@id\":\"https:\/\/backtoresto.paris\/es\/ver-cerca-de-mi\/\",\"url\":\"https:\/\/backtoresto.paris\/es\/ver-cerca-de-mi\/\",\"name\":\"Ver cerca de m\u00ed - Back to Resto\",\"isPartOf\":{\"@id\":\"http:\/\/backtoresto.paris\/es\/#website\"},\"datePublished\":\"2024-10-30T12:51:01+00:00\",\"dateModified\":\"2024-11-02T11:39:03+00:00\",\"breadcrumb\":{\"@id\":\"https:\/\/backtoresto.paris\/es\/ver-cerca-de-mi\/#breadcrumb\"},\"inLanguage\":\"es\",\"potentialAction\":[{\"@type\":\"ReadAction\",\"target\":[\"https:\/\/backtoresto.paris\/es\/ver-cerca-de-mi\/\"]}]},{\"@type\":\"BreadcrumbList\",\"@id\":\"https:\/\/backtoresto.paris\/es\/ver-cerca-de-mi\/#breadcrumb\",\"itemListElement\":[{\"@type\":\"ListItem\",\"position\":1,\"name\":\"Accueil\",\"item\":\"https:\/\/backtoresto.paris\/es\/inicio\/\"},{\"@type\":\"ListItem\",\"position\":2,\"name\":\"Ver cerca de m\u00ed\"}]},{\"@type\":\"WebSite\",\"@id\":\"http:\/\/backtoresto.paris\/es\/#website\",\"url\":\"http:\/\/backtoresto.paris\/es\/\",\"name\":\"Back to Resto\",\"description\":\"Une s\u00e9lection des restaurants sur Paris\",\"potentialAction\":[{\"@type\":\"SearchAction\",\"target\":{\"@type\":\"EntryPoint\",\"urlTemplate\":\"http:\/\/backtoresto.paris\/es\/?s={search_term_string}\"},\"query-input\":{\"@type\":\"PropertyValueSpecification\",\"valueRequired\":true,\"valueName\":\"search_term_string\"}}],\"inLanguage\":\"es\"}]}<\/script>\n<!-- \/ Yoast SEO plugin. -->","yoast_head_json":{"title":"Ver cerca de m\u00ed - Back to Resto","robots":{"index":"noindex","follow":"follow","max-snippet":"max-snippet:-1","max-image-preview":"max-image-preview:large","max-video-preview":"max-video-preview:-1"},"og_locale":"es_ES","og_type":"article","og_title":"Ver cerca de m\u00ed - Back to Resto","og_url":"https:\/\/backtoresto.paris\/es\/ver-cerca-de-mi\/","og_site_name":"Back to Resto","article_modified_time":"2024-11-02T11:39:03+00:00","twitter_card":"summary_large_image","twitter_misc":{"Tiempo de lectura":"6 minutos"},"schema":{"@context":"https:\/\/schema.org","@graph":[{"@type":"WebPage","@id":"https:\/\/backtoresto.paris\/es\/ver-cerca-de-mi\/","url":"https:\/\/backtoresto.paris\/es\/ver-cerca-de-mi\/","name":"Ver cerca de m\u00ed - Back to Resto","isPartOf":{"@id":"http:\/\/backtoresto.paris\/es\/#website"},"datePublished":"2024-10-30T12:51:01+00:00","dateModified":"2024-11-02T11:39:03+00:00","breadcrumb":{"@id":"https:\/\/backtoresto.paris\/es\/ver-cerca-de-mi\/#breadcrumb"},"inLanguage":"es","potentialAction":[{"@type":"ReadAction","target":["https:\/\/backtoresto.paris\/es\/ver-cerca-de-mi\/"]}]},{"@type":"BreadcrumbList","@id":"https:\/\/backtoresto.paris\/es\/ver-cerca-de-mi\/#breadcrumb","itemListElement":[{"@type":"ListItem","position":1,"name":"Accueil","item":"https:\/\/backtoresto.paris\/es\/inicio\/"},{"@type":"ListItem","position":2,"name":"Ver cerca de m\u00ed"}]},{"@type":"WebSite","@id":"http:\/\/backtoresto.paris\/es\/#website","url":"http:\/\/backtoresto.paris\/es\/","name":"Back to Resto","description":"Une s\u00e9lection des restaurants sur Paris","potentialAction":[{"@type":"SearchAction","target":{"@type":"EntryPoint","urlTemplate":"http:\/\/backtoresto.paris\/es\/?s={search_term_string}"},"query-input":{"@type":"PropertyValueSpecification","valueRequired":true,"valueName":"search_term_string"}}],"inLanguage":"es"}]}},"_links":{"self":[{"href":"https:\/\/backtoresto.paris\/es\/wp-json\/wp\/v2\/pages\/6151","targetHints":{"allow":["GET"]}}],"collection":[{"href":"https:\/\/backtoresto.paris\/es\/wp-json\/wp\/v2\/pages"}],"about":[{"href":"https:\/\/backtoresto.paris\/es\/wp-json\/wp\/v2\/types\/page"}],"author":[{"embeddable":true,"href":"https:\/\/backtoresto.paris\/es\/wp-json\/wp\/v2\/users\/1"}],"replies":[{"embeddable":true,"href":"https:\/\/backtoresto.paris\/es\/wp-json\/wp\/v2\/comments?post=6151"}],"version-history":[{"count":0,"href":"https:\/\/backtoresto.paris\/es\/wp-json\/wp\/v2\/pages\/6151\/revisions"}],"wp:attachment":[{"href":"https:\/\/backtoresto.paris\/es\/wp-json\/wp\/v2\/media?parent=6151"}],"curies":[{"name":"wp","href":"https:\/\/api.w.org\/{rel}","templated":true}]}}