{"id":4123,"date":"2020-06-19T14:35:01","date_gmt":"2020-06-19T12:35:01","guid":{"rendered":"https:\/\/backtoresto.paris\/inicio\/"},"modified":"2025-03-12T17:47:27","modified_gmt":"2025-03-12T16:47:27","slug":"inicio","status":"publish","type":"page","link":"https:\/\/backtoresto.paris\/es\/","title":{"rendered":"Inicio"},"content":{"rendered":"\n<style type=\"text\/css\" data-created_by=\"avia_inline_auto\" id=\"style-css-av-kbm72lbq-22d83a0ec4e89309f744b3065a440710\">\n.avia-section.av-kbm72lbq-22d83a0ec4e89309f744b3065a440710{\nbackground-repeat:no-repeat;\nbackground-image:url(https:\/\/backtoresto.paris\/wp-content\/uploads\/2020\/07\/AdobeStock_82106069-scaled.jpeg);\nbackground-position:50% 50%;\nbackground-attachment:fixed;\n}\n<\/style>\n<div id='av_section_1'  class='avia-section av-kbm72lbq-22d83a0ec4e89309f744b3065a440710 main_color avia-section-huge avia-no-border-styling  avia-builder-el-0  avia-builder-el-no-sibling  avia-full-stretch avia-bg-style-fixed av-minimum-height av-minimum-height-100 av-height-100  container_wrap fullsize'  data-section-bg-repeat='stretch' data-av_minimum_height_pc='100' data-av_min_height_opt='100'><div class='container av-section-cont-open' ><main  role=\"main\" itemprop=\"mainContentOfPage\"  class='template-page content  av-content-full alpha units'><div class='post-entry post-entry-type-page post-entry-4123'><div class='entry-content-wrapper clearfix'>\n\n<style type=\"text\/css\" data-created_by=\"avia_inline_auto\" id=\"style-css-av-kbqabmn2-027eabd0f9e96b4423e2be509c5470fe\">\n.avia-image-container.av-kbqabmn2-027eabd0f9e96b4423e2be509c5470fe img.avia_image{\nbox-shadow:none;\n}\n.avia-image-container.av-kbqabmn2-027eabd0f9e96b4423e2be509c5470fe .av-image-caption-overlay-center{\ncolor:#ffffff;\n}\n<\/style>\n<div  class='avia-image-container av-kbqabmn2-027eabd0f9e96b4423e2be509c5470fe av-styling- avia-align-center  avia-builder-el-1  el_before_av_hr  avia-builder-el-first  logo-gros-page-accueil'   itemprop=\"image\" itemscope=\"itemscope\" itemtype=\"https:\/\/schema.org\/ImageObject\" ><div class=\"avia-image-container-inner\"><div class=\"avia-image-overlay-wrap\"><img decoding=\"async\" fetchpriority=\"high\" class='wp-image-4125 avia-img-lazy-loading-not-4125 avia_image ' src=\"https:\/\/backtoresto.paris\/wp-content\/uploads\/2020\/07\/logo-backtoresto-white-contour.png\" alt='' title='logo-backtoresto-white-contour'  height=\"172\" width=\"810\"  itemprop=\"thumbnailUrl\" srcset=\"https:\/\/backtoresto.paris\/wp-content\/uploads\/2020\/07\/logo-backtoresto-white-contour.png 810w, https:\/\/backtoresto.paris\/wp-content\/uploads\/2020\/07\/logo-backtoresto-white-contour-300x64.png 300w, https:\/\/backtoresto.paris\/wp-content\/uploads\/2020\/07\/logo-backtoresto-white-contour-768x163.png 768w, https:\/\/backtoresto.paris\/wp-content\/uploads\/2020\/07\/logo-backtoresto-white-contour-705x150.png 705w\" sizes=\"(max-width: 810px) 100vw, 810px\" \/><\/div><\/div><\/div>\n\n<style type=\"text\/css\" data-created_by=\"avia_inline_auto\" id=\"style-css-av-kbqamfol-9018bfb5af20317e926acbca71335aef\">\n#top .hr.hr-invisible.av-kbqamfol-9018bfb5af20317e926acbca71335aef{\nheight:15px;\n}\n<\/style>\n<div  class='hr av-kbqamfol-9018bfb5af20317e926acbca71335aef hr-invisible  avia-builder-el-2  el_after_av_image  el_before_av_codeblock '><span class='hr-inner '><span class=\"hr-inner-style\"><\/span><\/span><\/div>\n\n\n<style type=\"text\/css\" data-created_by=\"avia_inline_auto\" id=\"style-css-av-m0ozi6iw-11594063f0263c874beba31600d360b4\">\n#top .hr.hr-invisible.av-m0ozi6iw-11594063f0263c874beba31600d360b4{\nheight:25px;\n}\n<\/style>\n<div  class='hr av-m0ozi6iw-11594063f0263c874beba31600d360b4 hr-invisible  avia-builder-el-4  el_after_av_codeblock  el_before_av_one_half '><span class='hr-inner '><span class=\"hr-inner-style\"><\/span><\/span><\/div>\n\n<style type=\"text\/css\" data-created_by=\"avia_inline_auto\" id=\"style-css-av-3a0mr-0e98dafd14d1ff6bbf3bde765283044a\">\n.flex_column.av-3a0mr-0e98dafd14d1ff6bbf3bde765283044a{\nborder-radius:0px 0px 0px 0px;\npadding:0px 0px 0px 0px;\n}\n<\/style>\n<div  class='flex_column av-3a0mr-0e98dafd14d1ff6bbf3bde765283044a av_one_half  avia-builder-el-5  el_after_av_hr  el_before_av_one_half  accordeon-menu-home first flex_column_div av-zero-column-padding  '     ><\/div>\n<style type=\"text\/css\" data-created_by=\"avia_inline_auto\" id=\"style-css-av-1yysz-59831fed0ec3e00ddba0f0dd19a9d214\">\n.flex_column.av-1yysz-59831fed0ec3e00ddba0f0dd19a9d214{\nborder-radius:0px 0px 0px 0px;\npadding:0px 0px 0px 0px;\n}\n<\/style>\n<div  class='flex_column av-1yysz-59831fed0ec3e00ddba0f0dd19a9d214 av_one_half  avia-builder-el-7  el_after_av_one_half  el_before_av_hr  accordeon-menu-home flex_column_div av-zero-column-padding  '     ><\/div>\n<style type=\"text\/css\" data-created_by=\"avia_inline_auto\" id=\"style-css-av-sb2v-6643c913f16bcfdb9db4493c5beb8a43\">\n#top .hr.hr-invisible.av-sb2v-6643c913f16bcfdb9db4493c5beb8a43{\nheight:50px;\n}\n<\/style>\n<div  class='hr av-sb2v-6643c913f16bcfdb9db4493c5beb8a43 hr-invisible  avia-builder-el-9  el_after_av_one_half  el_before_av_one_full '><span class='hr-inner '><span class=\"hr-inner-style\"><\/span><\/span><\/div>\n\n<style type=\"text\/css\" data-created_by=\"avia_inline_auto\" id=\"style-css-av-1m7e3-03ca06e7334f63fe11dbbf027c13fe20\">\n.flex_column.av-1m7e3-03ca06e7334f63fe11dbbf027c13fe20{\nborder-radius:0px 0px 0px 0px;\npadding:0px 0px 0px 0px;\n}\n<\/style>\n<div  class='flex_column av-1m7e3-03ca06e7334f63fe11dbbf027c13fe20 av_one_full  avia-builder-el-10  el_after_av_hr  avia-builder-el-last  first flex_column_div av-zero-column-padding  '     ><section  class='av_textblock_section av-kbm745ed-7146d6f01ab89171c89abd425e5c434b '   itemscope=\"itemscope\" itemtype=\"https:\/\/schema.org\/CreativeWork\" ><div class='avia_textblock jm-home-text'  itemprop=\"text\" ><p><em>&#8220;La gastronom\u00eda es el arte de utilizar la comida para crear felicidad&#8221;<\/em>, seg\u00fan el historiador brit\u00e1nico Theodore Zeldin. Los chefs siempre quieren dar a sus invitados algo que les haga ilusi\u00f3n, y nosotros, como invitados, siempre buscamos buena comida. Por eso hemos querido ofrecerle una plataforma en la que se enumeran algunas de nuestras direcciones parisinas favoritas (de editores y amigos). \u00a1Prep\u00e1rate!<\/p>\n<\/div><\/section><\/div>","protected":false},"excerpt":{"rendered":"","protected":false},"author":1,"featured_media":0,"parent":0,"menu_order":0,"comment_status":"closed","ping_status":"closed","template":"","meta":{"_acf_changed":false,"footnotes":""},"class_list":["post-4123","page","type-page","status-publish","hentry"],"acf":[],"yoast_head":"<!-- This site is optimized with the Yoast SEO plugin v27.4 - https:\/\/yoast.com\/product\/yoast-seo-wordpress\/ -->\n<title>Inicio - Back to Resto<\/title>\n<meta name=\"robots\" content=\"noindex, follow, max-snippet:-1, max-image-preview:large, max-video-preview:-1\" \/>\n<meta property=\"og:locale\" content=\"es_ES\" \/>\n<meta property=\"og:type\" content=\"article\" \/>\n<meta property=\"og:title\" content=\"Inicio - Back to Resto\" \/>\n<meta property=\"og:url\" content=\"https:\/\/backtoresto.paris\/es\/\" \/>\n<meta property=\"og:site_name\" content=\"Back to Resto\" \/>\n<meta property=\"article:modified_time\" content=\"2025-03-12T16:47:27+00:00\" \/>\n<meta name=\"twitter:card\" content=\"summary_large_image\" \/>\n<meta name=\"twitter:label1\" content=\"Tiempo de lectura\" \/>\n\t<meta name=\"twitter:data1\" content=\"1 minuto\" \/>\n<script type=\"application\/ld+json\" class=\"yoast-schema-graph\">{\"@context\":\"https:\\\/\\\/schema.org\",\"@graph\":[{\"@type\":\"WebPage\",\"@id\":\"https:\\\/\\\/backtoresto.paris\\\/es\\\/\",\"url\":\"https:\\\/\\\/backtoresto.paris\\\/es\\\/\",\"name\":\"Inicio - Back to Resto\",\"isPartOf\":{\"@id\":\"http:\\\/\\\/backtoresto.paris\\\/es\\\/#website\"},\"datePublished\":\"2020-06-19T12:35:01+00:00\",\"dateModified\":\"2025-03-12T16:47:27+00:00\",\"breadcrumb\":{\"@id\":\"https:\\\/\\\/backtoresto.paris\\\/es\\\/#breadcrumb\"},\"inLanguage\":\"es\",\"potentialAction\":[{\"@type\":\"ReadAction\",\"target\":[\"https:\\\/\\\/backtoresto.paris\\\/es\\\/\"]}]},{\"@type\":\"BreadcrumbList\",\"@id\":\"https:\\\/\\\/backtoresto.paris\\\/es\\\/#breadcrumb\",\"itemListElement\":[{\"@type\":\"ListItem\",\"position\":1,\"name\":\"Accueil\",\"item\":\"https:\\\/\\\/backtoresto.paris\\\/es\\\/inicio\\\/\"},{\"@type\":\"ListItem\",\"position\":2,\"name\":\"Inicio\"}]},{\"@type\":\"WebSite\",\"@id\":\"http:\\\/\\\/backtoresto.paris\\\/es\\\/#website\",\"url\":\"http:\\\/\\\/backtoresto.paris\\\/es\\\/\",\"name\":\"Back to Resto\",\"description\":\"Une s\u00e9lection des restaurants sur Paris\",\"potentialAction\":[{\"@type\":\"SearchAction\",\"target\":{\"@type\":\"EntryPoint\",\"urlTemplate\":\"http:\\\/\\\/backtoresto.paris\\\/es\\\/?s={search_term_string}\"},\"query-input\":{\"@type\":\"PropertyValueSpecification\",\"valueRequired\":true,\"valueName\":\"search_term_string\"}}],\"inLanguage\":\"es\"}]}<\/script>\n<!-- \/ Yoast SEO plugin. -->","yoast_head_json":{"title":"Inicio - Back to Resto","robots":{"index":"noindex","follow":"follow","max-snippet":"max-snippet:-1","max-image-preview":"max-image-preview:large","max-video-preview":"max-video-preview:-1"},"og_locale":"es_ES","og_type":"article","og_title":"Inicio - Back to Resto","og_url":"https:\/\/backtoresto.paris\/es\/","og_site_name":"Back to Resto","article_modified_time":"2025-03-12T16:47:27+00:00","twitter_card":"summary_large_image","twitter_misc":{"Tiempo de lectura":"1 minuto"},"schema":{"@context":"https:\/\/schema.org","@graph":[{"@type":"WebPage","@id":"https:\/\/backtoresto.paris\/es\/","url":"https:\/\/backtoresto.paris\/es\/","name":"Inicio - Back to Resto","isPartOf":{"@id":"http:\/\/backtoresto.paris\/es\/#website"},"datePublished":"2020-06-19T12:35:01+00:00","dateModified":"2025-03-12T16:47:27+00:00","breadcrumb":{"@id":"https:\/\/backtoresto.paris\/es\/#breadcrumb"},"inLanguage":"es","potentialAction":[{"@type":"ReadAction","target":["https:\/\/backtoresto.paris\/es\/"]}]},{"@type":"BreadcrumbList","@id":"https:\/\/backtoresto.paris\/es\/#breadcrumb","itemListElement":[{"@type":"ListItem","position":1,"name":"Accueil","item":"https:\/\/backtoresto.paris\/es\/inicio\/"},{"@type":"ListItem","position":2,"name":"Inicio"}]},{"@type":"WebSite","@id":"http:\/\/backtoresto.paris\/es\/#website","url":"http:\/\/backtoresto.paris\/es\/","name":"Back to Resto","description":"Une s\u00e9lection des restaurants sur Paris","potentialAction":[{"@type":"SearchAction","target":{"@type":"EntryPoint","urlTemplate":"http:\/\/backtoresto.paris\/es\/?s={search_term_string}"},"query-input":{"@type":"PropertyValueSpecification","valueRequired":true,"valueName":"search_term_string"}}],"inLanguage":"es"}]}},"_links":{"self":[{"href":"https:\/\/backtoresto.paris\/es\/wp-json\/wp\/v2\/pages\/4123","targetHints":{"allow":["GET"]}}],"collection":[{"href":"https:\/\/backtoresto.paris\/es\/wp-json\/wp\/v2\/pages"}],"about":[{"href":"https:\/\/backtoresto.paris\/es\/wp-json\/wp\/v2\/types\/page"}],"author":[{"embeddable":true,"href":"https:\/\/backtoresto.paris\/es\/wp-json\/wp\/v2\/users\/1"}],"replies":[{"embeddable":true,"href":"https:\/\/backtoresto.paris\/es\/wp-json\/wp\/v2\/comments?post=4123"}],"version-history":[{"count":0,"href":"https:\/\/backtoresto.paris\/es\/wp-json\/wp\/v2\/pages\/4123\/revisions"}],"wp:attachment":[{"href":"https:\/\/backtoresto.paris\/es\/wp-json\/wp\/v2\/media?parent=4123"}],"curies":[{"name":"wp","href":"https:\/\/api.w.org\/{rel}","templated":true}]}}